{"id":40,"date":"2024-04-25T09:57:01","date_gmt":"2024-04-25T09:57:01","guid":{"rendered":"http:\/\/isler.com.hr\/?page_id=40"},"modified":"2024-04-29T15:34:57","modified_gmt":"2024-04-29T15:34:57","slug":"40-2","status":"publish","type":"page","link":"https:\/\/isler.com.hr\/?page_id=40","title":{"rendered":"Galerija"},"content":{"rendered":"\t\t<div data-elementor-type=\"wp-page\" data-elementor-id=\"40\" class=\"elementor elementor-40\">\n\t\t\t\t<div class=\"elementor-element elementor-element-ea7db13 e-flex e-con-boxed e-con e-parent\" data-id=\"ea7db13\" data-element_type=\"container\">\n\t\t\t\t\t<div class=\"e-con-inner\">\n\t\t\t\t<div class=\"elementor-element elementor-element-93d7e27 elementor-widget elementor-widget-image-gallery\" data-id=\"93d7e27\" data-element_type=\"widget\" data-widget_type=\"image-gallery.default\">\n\t\t\t\t<div class=\"elementor-widget-container\">\n\t\t\t<style>\/*! elementor - v3.21.0 - 25-04-2024 *\/\n.elementor-image-gallery .gallery-item{display:inline-block;text-align:center;vertical-align:top;width:100%;max-width:100%;margin:0 auto}.elementor-image-gallery .gallery-item img{margin:0 auto}.elementor-image-gallery .gallery-item .gallery-caption{margin:0}.elementor-image-gallery figure img{display:block}.elementor-image-gallery figure figcaption{width:100%}.gallery-spacing-custom .elementor-image-gallery .gallery-icon{padding:0}@media (min-width:768px){.elementor-image-gallery .gallery-columns-2 .gallery-item{max-width:50%}.elementor-image-gallery .gallery-columns-3 .gallery-item{max-width:33.33%}.elementor-image-gallery .gallery-columns-4 .gallery-item{max-width:25%}.elementor-image-gallery .gallery-columns-5 .gallery-item{max-width:20%}.elementor-image-gallery .gallery-columns-6 .gallery-item{max-width:16.666%}.elementor-image-gallery .gallery-columns-7 .gallery-item{max-width:14.28%}.elementor-image-gallery .gallery-columns-8 .gallery-item{max-width:12.5%}.elementor-image-gallery .gallery-columns-9 .gallery-item{max-width:11.11%}.elementor-image-gallery .gallery-columns-10 .gallery-item{max-width:10%}}@media (min-width:480px) and (max-width:767px){.elementor-image-gallery .gallery.gallery-columns-2 .gallery-item,.elementor-image-gallery .gallery.gallery-columns-3 .gallery-item,.elementor-image-gallery .gallery.gallery-columns-4 .gallery-item,.elementor-image-gallery .gallery.gallery-columns-5 .gallery-item,.elementor-image-gallery .gallery.gallery-columns-6 .gallery-item,.elementor-image-gallery .gallery.gallery-columns-7 .gallery-item,.elementor-image-gallery .gallery.gallery-columns-8 .gallery-item,.elementor-image-gallery .gallery.gallery-columns-9 .gallery-item,.elementor-image-gallery .gallery.gallery-columns-10 .gallery-item{max-width:50%}}@media (max-width:479px){.elementor-image-gallery .gallery.gallery-columns-2 .gallery-item,.elementor-image-gallery .gallery.gallery-columns-3 .gallery-item,.elementor-image-gallery .gallery.gallery-columns-4 .gallery-item,.elementor-image-gallery .gallery.gallery-columns-5 .gallery-item,.elementor-image-gallery .gallery.gallery-columns-6 .gallery-item,.elementor-image-gallery .gallery.gallery-columns-7 .gallery-item,.elementor-image-gallery .gallery.gallery-columns-8 .gallery-item,.elementor-image-gallery .gallery.gallery-columns-9 .gallery-item,.elementor-image-gallery .gallery.gallery-columns-10 .gallery-item{max-width:100%}}<\/style>\t\t<div class=\"elementor-image-gallery\">\n\t\t\t\n\t\t<style type=\"text\/css\">\n\t\t\t#gallery-1 {\n\t\t\t\tmargin: auto;\n\t\t\t}\n\t\t\t#gallery-1 .gallery-item {\n\t\t\t\tfloat: left;\n\t\t\t\tmargin-top: 10px;\n\t\t\t\ttext-align: center;\n\t\t\t\twidth: 25%;\n\t\t\t}\n\t\t\t#gallery-1 img {\n\t\t\t\tborder: 2px solid #cfcfcf;\n\t\t\t}\n\t\t\t#gallery-1 .gallery-caption {\n\t\t\t\tmargin-left: 0;\n\t\t\t}\n\t\t\t\/* see gallery_shortcode() in wp-includes\/media.php *\/\n\t\t<\/style>\n\t\t<div id='gallery-1' class='gallery galleryid-40 gallery-columns-4 gallery-size-thumbnail'><dl class='gallery-item'>\n\t\t\t<dt class='gallery-icon portrait'>\n\t\t\t\t<a data-elementor-open-lightbox=\"yes\" data-elementor-lightbox-slideshow=\"93d7e27\" data-elementor-lightbox-title=\"baja_big\" data-e-action-hash=\"#elementor-action%3Aaction%3Dlightbox%26settings%3DeyJpZCI6MjIsInVybCI6Imh0dHBzOlwvXC9pc2xlci5jb20uaHJcL3dwLWNvbnRlbnRcL3VwbG9hZHNcLzIwMjRcLzA0XC9iYWphX2JpZy5qcGciLCJzbGlkZXNob3ciOiI5M2Q3ZTI3In0%3D\" href='https:\/\/isler.com.hr\/wp-content\/uploads\/2024\/04\/baja_big.jpg'><img decoding=\"async\" width=\"150\" height=\"150\" src=\"https:\/\/isler.com.hr\/wp-content\/uploads\/2024\/04\/baja_big-150x150.jpg\" class=\"attachment-thumbnail size-thumbnail\" alt=\"\" aria-describedby=\"gallery-1-22\" \/><\/a>\n\t\t\t<\/dt>\n\t\t\t\t<dd class='wp-caption-text gallery-caption' id='gallery-1-22'>\n\t\t\t\tSlavonski \u0161e\u0161ir\n\t\t\t\t<\/dd><\/dl><dl class='gallery-item'>\n\t\t\t<dt class='gallery-icon landscape'>\n\t\t\t\t<a data-elementor-open-lightbox=\"yes\" data-elementor-lightbox-slideshow=\"93d7e27\" data-elementor-lightbox-title=\"kutija\" data-e-action-hash=\"#elementor-action%3Aaction%3Dlightbox%26settings%3DeyJpZCI6MjEsInVybCI6Imh0dHBzOlwvXC9pc2xlci5jb20uaHJcL3dwLWNvbnRlbnRcL3VwbG9hZHNcLzIwMjRcLzA0XC9rdXRpamEuanBnIiwic2xpZGVzaG93IjoiOTNkN2UyNyJ9\" href='https:\/\/isler.com.hr\/wp-content\/uploads\/2024\/04\/kutija.jpg'><img decoding=\"async\" width=\"150\" height=\"150\" src=\"https:\/\/isler.com.hr\/wp-content\/uploads\/2024\/04\/kutija-150x150.jpg\" class=\"attachment-thumbnail size-thumbnail\" alt=\"\" aria-describedby=\"gallery-1-21\" srcset=\"https:\/\/isler.com.hr\/wp-content\/uploads\/2024\/04\/kutija-150x150.jpg 150w, https:\/\/isler.com.hr\/wp-content\/uploads\/2024\/04\/kutija-300x300.jpg 300w, https:\/\/isler.com.hr\/wp-content\/uploads\/2024\/04\/kutija-1024x1024.jpg 1024w, https:\/\/isler.com.hr\/wp-content\/uploads\/2024\/04\/kutija-768x768.jpg 768w, https:\/\/isler.com.hr\/wp-content\/uploads\/2024\/04\/kutija.jpg 1200w\" sizes=\"(max-width: 150px) 100vw, 150px\" \/><\/a>\n\t\t\t<\/dt>\n\t\t\t\t<dd class='wp-caption-text gallery-caption' id='gallery-1-21'>\n\t\t\t\tKutija sa kola\u010dima-poklon pakovanje\n\t\t\t\t<\/dd><\/dl><dl class='gallery-item'>\n\t\t\t<dt class='gallery-icon landscape'>\n\t\t\t\t<a data-elementor-open-lightbox=\"yes\" data-elementor-lightbox-slideshow=\"93d7e27\" data-elementor-lightbox-title=\"kamin\" data-e-action-hash=\"#elementor-action%3Aaction%3Dlightbox%26settings%3DeyJpZCI6MjAsInVybCI6Imh0dHBzOlwvXC9pc2xlci5jb20uaHJcL3dwLWNvbnRlbnRcL3VwbG9hZHNcLzIwMjRcLzA0XC9rYW1pbi5qcGciLCJzbGlkZXNob3ciOiI5M2Q3ZTI3In0%3D\" href='https:\/\/isler.com.hr\/wp-content\/uploads\/2024\/04\/kamin.jpg'><img decoding=\"async\" width=\"150\" height=\"150\" src=\"https:\/\/isler.com.hr\/wp-content\/uploads\/2024\/04\/kamin-150x150.jpg\" class=\"attachment-thumbnail size-thumbnail\" alt=\"\" srcset=\"https:\/\/isler.com.hr\/wp-content\/uploads\/2024\/04\/kamin-150x150.jpg 150w, https:\/\/isler.com.hr\/wp-content\/uploads\/2024\/04\/kamin-300x300.jpg 300w, https:\/\/isler.com.hr\/wp-content\/uploads\/2024\/04\/kamin.jpg 696w\" sizes=\"(max-width: 150px) 100vw, 150px\" \/><\/a>\n\t\t\t<\/dt><\/dl><dl class='gallery-item'>\n\t\t\t<dt class='gallery-icon landscape'>\n\t\t\t\t<a data-elementor-open-lightbox=\"yes\" data-elementor-lightbox-slideshow=\"93d7e27\" data-elementor-lightbox-title=\"kinder\" data-e-action-hash=\"#elementor-action%3Aaction%3Dlightbox%26settings%3DeyJpZCI6MTksInVybCI6Imh0dHBzOlwvXC9pc2xlci5jb20uaHJcL3dwLWNvbnRlbnRcL3VwbG9hZHNcLzIwMjRcLzA0XC9raW5kZXIuanBnIiwic2xpZGVzaG93IjoiOTNkN2UyNyJ9\" href='https:\/\/isler.com.hr\/wp-content\/uploads\/2024\/04\/kinder.jpg'><img loading=\"lazy\" decoding=\"async\" width=\"150\" height=\"150\" src=\"https:\/\/isler.com.hr\/wp-content\/uploads\/2024\/04\/kinder-150x150.jpg\" class=\"attachment-thumbnail size-thumbnail\" alt=\"\" aria-describedby=\"gallery-1-19\" srcset=\"https:\/\/isler.com.hr\/wp-content\/uploads\/2024\/04\/kinder-150x150.jpg 150w, https:\/\/isler.com.hr\/wp-content\/uploads\/2024\/04\/kinder-300x300.jpg 300w, https:\/\/isler.com.hr\/wp-content\/uploads\/2024\/04\/kinder-1024x1024.jpg 1024w, https:\/\/isler.com.hr\/wp-content\/uploads\/2024\/04\/kinder-768x768.jpg 768w, https:\/\/isler.com.hr\/wp-content\/uploads\/2024\/04\/kinder.jpg 1200w\" sizes=\"(max-width: 150px) 100vw, 150px\" \/><\/a>\n\t\t\t<\/dt>\n\t\t\t\t<dd class='wp-caption-text gallery-caption' id='gallery-1-19'>\n\t\t\t\tKinder torta\n\t\t\t\t<\/dd><\/dl><br style=\"clear: both\" \/><dl class='gallery-item'>\n\t\t\t<dt class='gallery-icon portrait'>\n\t\t\t\t<a data-elementor-open-lightbox=\"yes\" data-elementor-lightbox-slideshow=\"93d7e27\" data-elementor-lightbox-title=\"uskrs\" data-e-action-hash=\"#elementor-action%3Aaction%3Dlightbox%26settings%3DeyJpZCI6MTgsInVybCI6Imh0dHBzOlwvXC9pc2xlci5jb20uaHJcL3dwLWNvbnRlbnRcL3VwbG9hZHNcLzIwMjRcLzA0XC91c2tycy5qcGciLCJzbGlkZXNob3ciOiI5M2Q3ZTI3In0%3D\" href='https:\/\/isler.com.hr\/wp-content\/uploads\/2024\/04\/uskrs.jpg'><img loading=\"lazy\" decoding=\"async\" width=\"150\" height=\"150\" src=\"https:\/\/isler.com.hr\/wp-content\/uploads\/2024\/04\/uskrs-150x150.jpg\" class=\"attachment-thumbnail size-thumbnail\" alt=\"\" aria-describedby=\"gallery-1-18\" \/><\/a>\n\t\t\t<\/dt>\n\t\t\t\t<dd class='wp-caption-text gallery-caption' id='gallery-1-18'>\n\t\t\t\tUskr\u0161nja torta\n\t\t\t\t<\/dd><\/dl><dl class='gallery-item'>\n\t\t\t<dt class='gallery-icon landscape'>\n\t\t\t\t<a data-elementor-open-lightbox=\"yes\" data-elementor-lightbox-slideshow=\"93d7e27\" data-elementor-lightbox-title=\"desetina\" data-e-action-hash=\"#elementor-action%3Aaction%3Dlightbox%26settings%3DeyJpZCI6MTcsInVybCI6Imh0dHBzOlwvXC9pc2xlci5jb20uaHJcL3dwLWNvbnRlbnRcL3VwbG9hZHNcLzIwMjRcLzA0XC9kZXNldGluYS5qcGciLCJzbGlkZXNob3ciOiI5M2Q3ZTI3In0%3D\" href='https:\/\/isler.com.hr\/wp-content\/uploads\/2024\/04\/desetina.jpg'><img loading=\"lazy\" decoding=\"async\" width=\"150\" height=\"150\" src=\"https:\/\/isler.com.hr\/wp-content\/uploads\/2024\/04\/desetina-150x150.jpg\" class=\"attachment-thumbnail size-thumbnail\" alt=\"\" \/><\/a>\n\t\t\t<\/dt><\/dl><dl class='gallery-item'>\n\t\t\t<dt class='gallery-icon landscape'>\n\t\t\t\t<a data-elementor-open-lightbox=\"yes\" data-elementor-lightbox-slideshow=\"93d7e27\" data-elementor-lightbox-title=\"dvor-01\" data-e-action-hash=\"#elementor-action%3Aaction%3Dlightbox%26settings%3DeyJpZCI6MTYsInVybCI6Imh0dHBzOlwvXC9pc2xlci5jb20uaHJcL3dwLWNvbnRlbnRcL3VwbG9hZHNcLzIwMjRcLzA0XC9kdm9yLTAxLmpwZyIsInNsaWRlc2hvdyI6IjkzZDdlMjcifQ%3D%3D\" href='https:\/\/isler.com.hr\/wp-content\/uploads\/2024\/04\/dvor-01.jpg'><img loading=\"lazy\" decoding=\"async\" width=\"150\" height=\"150\" src=\"https:\/\/isler.com.hr\/wp-content\/uploads\/2024\/04\/dvor-01-150x150.jpg\" class=\"attachment-thumbnail size-thumbnail\" alt=\"\" aria-describedby=\"gallery-1-16\" \/><\/a>\n\t\t\t<\/dt>\n\t\t\t\t<dd class='wp-caption-text gallery-caption' id='gallery-1-16'>\n\t\t\t\tPogled na slo\u017eenu ikebanu\n\t\t\t\t<\/dd><\/dl><dl class='gallery-item'>\n\t\t\t<dt class='gallery-icon landscape'>\n\t\t\t\t<a data-elementor-open-lightbox=\"yes\" data-elementor-lightbox-slideshow=\"93d7e27\" data-elementor-lightbox-title=\"dvor-02\" data-e-action-hash=\"#elementor-action%3Aaction%3Dlightbox%26settings%3DeyJpZCI6MTUsInVybCI6Imh0dHBzOlwvXC9pc2xlci5jb20uaHJcL3dwLWNvbnRlbnRcL3VwbG9hZHNcLzIwMjRcLzA0XC9kdm9yLTAyLmpwZyIsInNsaWRlc2hvdyI6IjkzZDdlMjcifQ%3D%3D\" href='https:\/\/isler.com.hr\/wp-content\/uploads\/2024\/04\/dvor-02.jpg'><img loading=\"lazy\" decoding=\"async\" width=\"150\" height=\"150\" src=\"https:\/\/isler.com.hr\/wp-content\/uploads\/2024\/04\/dvor-02-150x150.jpg\" class=\"attachment-thumbnail size-thumbnail\" alt=\"\" srcset=\"https:\/\/isler.com.hr\/wp-content\/uploads\/2024\/04\/dvor-02-150x150.jpg 150w, https:\/\/isler.com.hr\/wp-content\/uploads\/2024\/04\/dvor-02-300x300.jpg 300w, https:\/\/isler.com.hr\/wp-content\/uploads\/2024\/04\/dvor-02.jpg 721w\" sizes=\"(max-width: 150px) 100vw, 150px\" \/><\/a>\n\t\t\t<\/dt><\/dl><br style=\"clear: both\" \/><dl class='gallery-item'>\n\t\t\t<dt class='gallery-icon portrait'>\n\t\t\t\t<a data-elementor-open-lightbox=\"yes\" data-elementor-lightbox-slideshow=\"93d7e27\" data-elementor-lightbox-title=\"dvor-03\" data-e-action-hash=\"#elementor-action%3Aaction%3Dlightbox%26settings%3DeyJpZCI6MTQsInVybCI6Imh0dHBzOlwvXC9pc2xlci5jb20uaHJcL3dwLWNvbnRlbnRcL3VwbG9hZHNcLzIwMjRcLzA0XC9kdm9yLTAzLmpwZyIsInNsaWRlc2hvdyI6IjkzZDdlMjcifQ%3D%3D\" href='https:\/\/isler.com.hr\/wp-content\/uploads\/2024\/04\/dvor-03.jpg'><img loading=\"lazy\" decoding=\"async\" width=\"150\" height=\"150\" src=\"https:\/\/isler.com.hr\/wp-content\/uploads\/2024\/04\/dvor-03-150x150.jpg\" class=\"attachment-thumbnail size-thumbnail\" alt=\"\" \/><\/a>\n\t\t\t<\/dt><\/dl><dl class='gallery-item'>\n\t\t\t<dt class='gallery-icon landscape'>\n\t\t\t\t<a data-elementor-open-lightbox=\"yes\" data-elementor-lightbox-slideshow=\"93d7e27\" data-elementor-lightbox-title=\"isler_under\" data-e-action-hash=\"#elementor-action%3Aaction%3Dlightbox%26settings%3DeyJpZCI6NSwidXJsIjoiaHR0cHM6XC9cL2lzbGVyLmNvbS5oclwvd3AtY29udGVudFwvdXBsb2Fkc1wvMjAyNFwvMDRcL2lzbGVyX3VuZGVyLmpwZyIsInNsaWRlc2hvdyI6IjkzZDdlMjcifQ%3D%3D\" href='https:\/\/isler.com.hr\/wp-content\/uploads\/2024\/04\/isler_under.jpg'><img loading=\"lazy\" decoding=\"async\" width=\"150\" height=\"150\" src=\"https:\/\/isler.com.hr\/wp-content\/uploads\/2024\/04\/isler_under-150x150.jpg\" class=\"attachment-thumbnail size-thumbnail\" alt=\"\" \/><\/a>\n\t\t\t<\/dt><\/dl>\n\t\t\t<br style='clear: both' \/>\n\t\t<\/div>\n\t\t<\/div>\n\t\t\t\t<\/div>\n\t\t\t\t<\/div>\n\t\t\t\t\t<\/div>\n\t\t\t\t<\/div>\n\t\t\t\t<\/div>\n\t\t","protected":false},"excerpt":{"rendered":"<p>Slavonski \u0161e\u0161ir Kutija sa kola\u010dima-poklon pakovanje Kinder torta Uskr\u0161nja torta Pogled na slo\u017eenu ikebanu<\/p>\n","protected":false},"author":1,"featured_media":0,"parent":0,"menu_order":0,"comment_status":"closed","ping_status":"closed","template":"","meta":{"footnotes":""},"class_list":["post-40","page","type-page","status-publish","hentry"],"_links":{"self":[{"href":"https:\/\/isler.com.hr\/index.php?rest_route=\/wp\/v2\/pages\/40","targetHints":{"allow":["GET"]}}],"collection":[{"href":"https:\/\/isler.com.hr\/index.php?rest_route=\/wp\/v2\/pages"}],"about":[{"href":"https:\/\/isler.com.hr\/index.php?rest_route=\/wp\/v2\/types\/page"}],"author":[{"embeddable":true,"href":"https:\/\/isler.com.hr\/index.php?rest_route=\/wp\/v2\/users\/1"}],"replies":[{"embeddable":true,"href":"https:\/\/isler.com.hr\/index.php?rest_route=%2Fwp%2Fv2%2Fcomments&post=40"}],"version-history":[{"count":12,"href":"https:\/\/isler.com.hr\/index.php?rest_route=\/wp\/v2\/pages\/40\/revisions"}],"predecessor-version":[{"id":154,"href":"https:\/\/isler.com.hr\/index.php?rest_route=\/wp\/v2\/pages\/40\/revisions\/154"}],"wp:attachment":[{"href":"https:\/\/isler.com.hr\/index.php?rest_route=%2Fwp%2Fv2%2Fmedia&parent=40"}],"curies":[{"name":"wp","href":"https:\/\/api.w.org\/{rel}","templated":true}]}}