{"id":79,"date":"2024-04-27T10:34:46","date_gmt":"2024-04-27T10:34:46","guid":{"rendered":"http:\/\/isler.com.hr\/?page_id=79"},"modified":"2024-05-09T08:30:04","modified_gmt":"2024-05-09T08:30:04","slug":"kolac-001","status":"publish","type":"page","link":"https:\/\/isler.com.hr\/?page_id=79","title":{"rendered":"Kola\u010di"},"content":{"rendered":"\t\t<div data-elementor-type=\"wp-page\" data-elementor-id=\"79\" class=\"elementor elementor-79\">\n\t\t\t\t<div class=\"elementor-element elementor-element-1564ef1 e-flex e-con-boxed e-con e-parent\" data-id=\"1564ef1\" data-element_type=\"container\">\n\t\t\t\t\t<div class=\"e-con-inner\">\n\t\t\t\t<div class=\"elementor-element elementor-element-075d981 elementor-widget elementor-widget-image\" data-id=\"075d981\" data-element_type=\"widget\" data-widget_type=\"image.default\">\n\t\t\t\t<div class=\"elementor-widget-container\">\n\t\t\t<style>\/*! elementor - v3.21.0 - 25-04-2024 *\/\n.elementor-widget-image{text-align:center}.elementor-widget-image a{display:inline-block}.elementor-widget-image a img[src$=\".svg\"]{width:48px}.elementor-widget-image img{vertical-align:middle;display:inline-block}<\/style>\t\t\t\t\t\t\t\t\t\t<img fetchpriority=\"high\" decoding=\"async\" width=\"530\" height=\"786\" src=\"https:\/\/isler.com.hr\/wp-content\/uploads\/2024\/04\/kol-001.jpg\" class=\"attachment-large size-large wp-image-82\" alt=\"\" srcset=\"https:\/\/isler.com.hr\/wp-content\/uploads\/2024\/04\/kol-001.jpg 530w, https:\/\/isler.com.hr\/wp-content\/uploads\/2024\/04\/kol-001-202x300.jpg 202w\" sizes=\"(max-width: 530px) 100vw, 530px\" \/>\t\t\t\t\t\t\t\t\t\t\t\t\t<\/div>\n\t\t\t\t<\/div>\n\t\t\t\t<div class=\"elementor-element elementor-element-bdaa74b elementor-widget elementor-widget-image\" data-id=\"bdaa74b\" data-element_type=\"widget\" data-widget_type=\"image.default\">\n\t\t\t\t<div class=\"elementor-widget-container\">\n\t\t\t\t\t\t\t\t\t\t\t\t\t<img decoding=\"async\" width=\"640\" height=\"480\" src=\"https:\/\/isler.com.hr\/wp-content\/uploads\/2024\/04\/Tacna-11-1024x768.jpg\" class=\"attachment-large size-large wp-image-126\" alt=\"\" srcset=\"https:\/\/isler.com.hr\/wp-content\/uploads\/2024\/04\/Tacna-11-1024x768.jpg 1024w, https:\/\/isler.com.hr\/wp-content\/uploads\/2024\/04\/Tacna-11-300x225.jpg 300w, https:\/\/isler.com.hr\/wp-content\/uploads\/2024\/04\/Tacna-11-768x576.jpg 768w, https:\/\/isler.com.hr\/wp-content\/uploads\/2024\/04\/Tacna-11-1536x1152.jpg 1536w, https:\/\/isler.com.hr\/wp-content\/uploads\/2024\/04\/Tacna-11.jpg 1600w\" sizes=\"(max-width: 640px) 100vw, 640px\" \/>\t\t\t\t\t\t\t\t\t\t\t\t\t<\/div>\n\t\t\t\t<\/div>\n\t\t\t\t<div class=\"elementor-element elementor-element-00358e7 elementor-widget elementor-widget-image\" data-id=\"00358e7\" data-element_type=\"widget\" data-widget_type=\"image.default\">\n\t\t\t\t<div class=\"elementor-widget-container\">\n\t\t\t\t\t\t\t\t\t\t\t\t\t<img decoding=\"async\" width=\"576\" height=\"1024\" src=\"https:\/\/isler.com.hr\/wp-content\/uploads\/2024\/04\/Kolac-002-576x1024.jpg\" class=\"attachment-large size-large wp-image-111\" alt=\"\" srcset=\"https:\/\/isler.com.hr\/wp-content\/uploads\/2024\/04\/Kolac-002-576x1024.jpg 576w, https:\/\/isler.com.hr\/wp-content\/uploads\/2024\/04\/Kolac-002-169x300.jpg 169w, https:\/\/isler.com.hr\/wp-content\/uploads\/2024\/04\/Kolac-002-768x1365.jpg 768w, https:\/\/isler.com.hr\/wp-content\/uploads\/2024\/04\/Kolac-002-864x1536.jpg 864w, https:\/\/isler.com.hr\/wp-content\/uploads\/2024\/04\/Kolac-002.jpg 900w\" sizes=\"(max-width: 576px) 100vw, 576px\" \/>\t\t\t\t\t\t\t\t\t\t\t\t\t<\/div>\n\t\t\t\t<\/div>\n\t\t\t\t<div class=\"elementor-element elementor-element-5d04baa elementor-widget elementor-widget-image\" data-id=\"5d04baa\" data-element_type=\"widget\" data-widget_type=\"image.default\">\n\t\t\t\t<div class=\"elementor-widget-container\">\n\t\t\t\t\t\t\t\t\t\t<figure class=\"wp-caption\">\n\t\t\t\t\t\t\t\t\t\t\t<a href=\"http:\/\/isler.com.hr\/wp-content\/uploads\/2024\/04\/kolac-004-1.png\" data-elementor-open-lightbox=\"yes\" data-elementor-lightbox-title=\"kolac-004-1\" data-e-action-hash=\"#elementor-action%3Aaction%3Dlightbox%26settings%3DeyJpZCI6MTQ2LCJ1cmwiOiJodHRwczpcL1wvaXNsZXIuY29tLmhyXC93cC1jb250ZW50XC91cGxvYWRzXC8yMDI0XC8wNFwva29sYWMtMDA0LTEucG5nIn0%3D\">\n\t\t\t\t\t\t\t<img loading=\"lazy\" decoding=\"async\" width=\"640\" height=\"547\" src=\"https:\/\/isler.com.hr\/wp-content\/uploads\/2024\/04\/kolac-004-1-1024x875.png\" class=\"attachment-large size-large wp-image-146\" alt=\"\" srcset=\"https:\/\/isler.com.hr\/wp-content\/uploads\/2024\/04\/kolac-004-1-1024x875.png 1024w, https:\/\/isler.com.hr\/wp-content\/uploads\/2024\/04\/kolac-004-1-300x256.png 300w, https:\/\/isler.com.hr\/wp-content\/uploads\/2024\/04\/kolac-004-1-768x656.png 768w, https:\/\/isler.com.hr\/wp-content\/uploads\/2024\/04\/kolac-004-1.png 1064w\" sizes=\"(max-width: 640px) 100vw, 640px\" \/>\t\t\t\t\t\t\t\t<\/a>\n\t\t\t\t\t\t\t\t\t\t\t<figcaption class=\"widget-image-caption wp-caption-text\">\u010cokoladni desert<\/figcaption>\n\t\t\t\t\t\t\t\t\t\t<\/figure>\n\t\t\t\t\t\t\t<\/div>\n\t\t\t\t<\/div>\n\t\t\t\t<div class=\"elementor-element elementor-element-0d65daa elementor-widget elementor-widget-image\" data-id=\"0d65daa\" data-element_type=\"widget\" data-widget_type=\"image.default\">\n\t\t\t\t<div class=\"elementor-widget-container\">\n\t\t\t\t\t\t\t\t\t\t\t\t\t<img loading=\"lazy\" decoding=\"async\" width=\"640\" height=\"360\" src=\"https:\/\/isler.com.hr\/wp-content\/uploads\/2024\/04\/Tacna-10-1024x576.jpg\" class=\"attachment-large size-large wp-image-124\" alt=\"\" srcset=\"https:\/\/isler.com.hr\/wp-content\/uploads\/2024\/04\/Tacna-10-1024x576.jpg 1024w, https:\/\/isler.com.hr\/wp-content\/uploads\/2024\/04\/Tacna-10-300x169.jpg 300w, https:\/\/isler.com.hr\/wp-content\/uploads\/2024\/04\/Tacna-10-768x432.jpg 768w, https:\/\/isler.com.hr\/wp-content\/uploads\/2024\/04\/Tacna-10-1536x864.jpg 1536w, https:\/\/isler.com.hr\/wp-content\/uploads\/2024\/04\/Tacna-10.jpg 1600w\" sizes=\"(max-width: 640px) 100vw, 640px\" \/>\t\t\t\t\t\t\t\t\t\t\t\t\t<\/div>\n\t\t\t\t<\/div>\n\t\t\t\t\t<\/div>\n\t\t\t\t<\/div>\n\t\t<div class=\"elementor-element elementor-element-97b05e2 e-grid e-con-boxed e-con e-parent\" data-id=\"97b05e2\" data-element_type=\"container\">\n\t\t\t\t\t<div class=\"e-con-inner\">\n\t\t\t\t<div class=\"elementor-element elementor-element-424af6b elementor-widget elementor-widget-image\" data-id=\"424af6b\" data-element_type=\"widget\" data-widget_type=\"image.default\">\n\t\t\t\t<div class=\"elementor-widget-container\">\n\t\t\t\t\t\t\t\t\t\t<figure class=\"wp-caption\">\n\t\t\t\t\t\t\t\t\t\t\t<a href=\"http:\/\/isler.com.hr\/wp-content\/uploads\/2024\/04\/kolac-001-1.png\" data-elementor-open-lightbox=\"yes\" data-elementor-lightbox-title=\"kolac-001-1\" data-e-action-hash=\"#elementor-action%3Aaction%3Dlightbox%26settings%3DeyJpZCI6MTM0LCJ1cmwiOiJodHRwczpcL1wvaXNsZXIuY29tLmhyXC93cC1jb250ZW50XC91cGxvYWRzXC8yMDI0XC8wNFwva29sYWMtMDAxLTEucG5nIn0%3D\">\n\t\t\t\t\t\t\t<img loading=\"lazy\" decoding=\"async\" width=\"452\" height=\"470\" src=\"https:\/\/isler.com.hr\/wp-content\/uploads\/2024\/04\/kolac-001-1.png\" class=\"attachment-large size-large wp-image-134\" alt=\"\" srcset=\"https:\/\/isler.com.hr\/wp-content\/uploads\/2024\/04\/kolac-001-1.png 452w, https:\/\/isler.com.hr\/wp-content\/uploads\/2024\/04\/kolac-001-1-289x300.png 289w\" sizes=\"(max-width: 452px) 100vw, 452px\" \/>\t\t\t\t\t\t\t\t<\/a>\n\t\t\t\t\t\t\t\t\t\t\t<figcaption class=\"widget-image-caption wp-caption-text\">\u010cokolada-naran\u010da<\/figcaption>\n\t\t\t\t\t\t\t\t\t\t<\/figure>\n\t\t\t\t\t\t\t<\/div>\n\t\t\t\t<\/div>\n\t\t\t\t<div class=\"elementor-element elementor-element-8b6ff24 elementor-widget elementor-widget-image\" data-id=\"8b6ff24\" data-element_type=\"widget\" data-widget_type=\"image.default\">\n\t\t\t\t<div class=\"elementor-widget-container\">\n\t\t\t\t\t\t\t\t\t\t<figure class=\"wp-caption\">\n\t\t\t\t\t\t\t\t\t\t\t<a href=\"http:\/\/isler.com.hr\/wp-content\/uploads\/2024\/04\/kolac-002-1.png\" data-elementor-open-lightbox=\"yes\" data-elementor-lightbox-title=\"kolac-002-1\" data-e-action-hash=\"#elementor-action%3Aaction%3Dlightbox%26settings%3DeyJpZCI6MTM5LCJ1cmwiOiJodHRwczpcL1wvaXNsZXIuY29tLmhyXC93cC1jb250ZW50XC91cGxvYWRzXC8yMDI0XC8wNFwva29sYWMtMDAyLTEucG5nIn0%3D\">\n\t\t\t\t\t\t\t<img loading=\"lazy\" decoding=\"async\" width=\"640\" height=\"778\" src=\"https:\/\/isler.com.hr\/wp-content\/uploads\/2024\/04\/kolac-002-1-768x933.png\" class=\"attachment-medium_large size-medium_large wp-image-139\" alt=\"\" srcset=\"https:\/\/isler.com.hr\/wp-content\/uploads\/2024\/04\/kolac-002-1-768x933.png 768w, https:\/\/isler.com.hr\/wp-content\/uploads\/2024\/04\/kolac-002-1-247x300.png 247w, https:\/\/isler.com.hr\/wp-content\/uploads\/2024\/04\/kolac-002-1-843x1024.png 843w, https:\/\/isler.com.hr\/wp-content\/uploads\/2024\/04\/kolac-002-1.png 885w\" sizes=\"(max-width: 640px) 100vw, 640px\" \/>\t\t\t\t\t\t\t\t<\/a>\n\t\t\t\t\t\t\t\t\t\t\t<figcaption class=\"widget-image-caption wp-caption-text\">\u010cokoladna rapsodija<\/figcaption>\n\t\t\t\t\t\t\t\t\t\t<\/figure>\n\t\t\t\t\t\t\t<\/div>\n\t\t\t\t<\/div>\n\t\t\t\t\t<\/div>\n\t\t\t\t<\/div>\n\t\t<div class=\"elementor-element elementor-element-37b830c e-flex e-con-boxed e-con e-parent\" data-id=\"37b830c\" data-element_type=\"container\">\n\t\t\t\t\t<div class=\"e-con-inner\">\n\t\t\t\t<div class=\"elementor-element elementor-element-bacc419 elementor-widget elementor-widget-image\" data-id=\"bacc419\" data-element_type=\"widget\" data-widget_type=\"image.default\">\n\t\t\t\t<div class=\"elementor-widget-container\">\n\t\t\t\t\t\t\t\t\t\t<figure class=\"wp-caption\">\n\t\t\t\t\t\t\t\t\t\t\t<a href=\"http:\/\/isler.com.hr\/wp-content\/uploads\/2024\/05\/DSC_1057-scaled.jpg\" data-elementor-open-lightbox=\"yes\" data-elementor-lightbox-title=\"DSC_1057\" data-e-action-hash=\"#elementor-action%3Aaction%3Dlightbox%26settings%3DeyJpZCI6MTg1LCJ1cmwiOiJodHRwczpcL1wvaXNsZXIuY29tLmhyXC93cC1jb250ZW50XC91cGxvYWRzXC8yMDI0XC8wNVwvRFNDXzEwNTctc2NhbGVkLmpwZyJ9\">\n\t\t\t\t\t\t\t<img loading=\"lazy\" decoding=\"async\" width=\"640\" height=\"427\" src=\"https:\/\/isler.com.hr\/wp-content\/uploads\/2024\/05\/DSC_1057-1024x683.jpg\" class=\"attachment-large size-large wp-image-185\" alt=\"\" srcset=\"https:\/\/isler.com.hr\/wp-content\/uploads\/2024\/05\/DSC_1057-1024x683.jpg 1024w, https:\/\/isler.com.hr\/wp-content\/uploads\/2024\/05\/DSC_1057-300x200.jpg 300w, https:\/\/isler.com.hr\/wp-content\/uploads\/2024\/05\/DSC_1057-768x512.jpg 768w, https:\/\/isler.com.hr\/wp-content\/uploads\/2024\/05\/DSC_1057-1536x1024.jpg 1536w, https:\/\/isler.com.hr\/wp-content\/uploads\/2024\/05\/DSC_1057-2048x1365.jpg 2048w\" sizes=\"(max-width: 640px) 100vw, 640px\" \/>\t\t\t\t\t\t\t\t<\/a>\n\t\t\t\t\t\t\t\t\t\t\t<figcaption class=\"widget-image-caption wp-caption-text\">Stranica-1<\/figcaption>\n\t\t\t\t\t\t\t\t\t\t<\/figure>\n\t\t\t\t\t\t\t<\/div>\n\t\t\t\t<\/div>\n\t\t\t\t<div class=\"elementor-element elementor-element-f1c8780 elementor-widget elementor-widget-image\" data-id=\"f1c8780\" data-element_type=\"widget\" data-widget_type=\"image.default\">\n\t\t\t\t<div class=\"elementor-widget-container\">\n\t\t\t\t\t\t\t\t\t\t<figure class=\"wp-caption\">\n\t\t\t\t\t\t\t\t\t\t\t<a href=\"http:\/\/isler.com.hr\/wp-content\/uploads\/2024\/05\/DSC_1056-scaled.jpg\" data-elementor-open-lightbox=\"yes\" data-elementor-lightbox-title=\"DSC_1056\" data-e-action-hash=\"#elementor-action%3Aaction%3Dlightbox%26settings%3DeyJpZCI6MTg5LCJ1cmwiOiJodHRwczpcL1wvaXNsZXIuY29tLmhyXC93cC1jb250ZW50XC91cGxvYWRzXC8yMDI0XC8wNVwvRFNDXzEwNTYtc2NhbGVkLmpwZyJ9\">\n\t\t\t\t\t\t\t<img loading=\"lazy\" decoding=\"async\" width=\"640\" height=\"427\" src=\"https:\/\/isler.com.hr\/wp-content\/uploads\/2024\/05\/DSC_1056-1024x683.jpg\" class=\"attachment-large size-large wp-image-189\" alt=\"\" srcset=\"https:\/\/isler.com.hr\/wp-content\/uploads\/2024\/05\/DSC_1056-1024x683.jpg 1024w, https:\/\/isler.com.hr\/wp-content\/uploads\/2024\/05\/DSC_1056-300x200.jpg 300w, https:\/\/isler.com.hr\/wp-content\/uploads\/2024\/05\/DSC_1056-768x512.jpg 768w, https:\/\/isler.com.hr\/wp-content\/uploads\/2024\/05\/DSC_1056-1536x1024.jpg 1536w, https:\/\/isler.com.hr\/wp-content\/uploads\/2024\/05\/DSC_1056-2048x1365.jpg 2048w\" sizes=\"(max-width: 640px) 100vw, 640px\" \/>\t\t\t\t\t\t\t\t<\/a>\n\t\t\t\t\t\t\t\t\t\t\t<figcaption class=\"widget-image-caption wp-caption-text\">Stranica-1<\/figcaption>\n\t\t\t\t\t\t\t\t\t\t<\/figure>\n\t\t\t\t\t\t\t<\/div>\n\t\t\t\t<\/div>\n\t\t\t\t\t<\/div>\n\t\t\t\t<\/div>\n\t\t<div class=\"elementor-element elementor-element-0ce24c4 e-flex e-con-boxed e-con e-parent\" data-id=\"0ce24c4\" data-element_type=\"container\">\n\t\t\t\t\t<div class=\"e-con-inner\">\n\t\t\t\t<div class=\"elementor-element elementor-element-9bb0986 elementor-widget elementor-widget-image\" data-id=\"9bb0986\" data-element_type=\"widget\" data-widget_type=\"image.default\">\n\t\t\t\t<div class=\"elementor-widget-container\">\n\t\t\t\t\t\t\t\t\t\t\t\t\t<img loading=\"lazy\" decoding=\"async\" width=\"640\" height=\"480\" src=\"https:\/\/isler.com.hr\/wp-content\/uploads\/2024\/05\/Tacna-11-E-1024x768.png\" class=\"attachment-large size-large wp-image-193\" alt=\"\" srcset=\"https:\/\/isler.com.hr\/wp-content\/uploads\/2024\/05\/Tacna-11-E-1024x768.png 1024w, https:\/\/isler.com.hr\/wp-content\/uploads\/2024\/05\/Tacna-11-E-300x225.png 300w, https:\/\/isler.com.hr\/wp-content\/uploads\/2024\/05\/Tacna-11-E-768x576.png 768w, https:\/\/isler.com.hr\/wp-content\/uploads\/2024\/05\/Tacna-11-E-1536x1152.png 1536w, https:\/\/isler.com.hr\/wp-content\/uploads\/2024\/05\/Tacna-11-E.png 1600w\" sizes=\"(max-width: 640px) 100vw, 640px\" \/>\t\t\t\t\t\t\t\t\t\t\t\t\t<\/div>\n\t\t\t\t<\/div>\n\t\t\t\t<div class=\"elementor-element elementor-element-9443d21 elementor-widget elementor-widget-image\" data-id=\"9443d21\" data-element_type=\"widget\" data-widget_type=\"image.default\">\n\t\t\t\t<div class=\"elementor-widget-container\">\n\t\t\t\t\t\t\t\t\t\t\t\t\t\t<a href=\"http:\/\/isler.com.hr\/wp-content\/uploads\/2024\/05\/Tacna-11-2-1.png\" data-elementor-open-lightbox=\"yes\" data-elementor-lightbox-title=\"Tacna-11-2\" data-e-action-hash=\"#elementor-action%3Aaction%3Dlightbox%26settings%3DeyJpZCI6MTk4LCJ1cmwiOiJodHRwczpcL1wvaXNsZXIuY29tLmhyXC93cC1jb250ZW50XC91cGxvYWRzXC8yMDI0XC8wNVwvVGFjbmEtMTEtMi0xLnBuZyJ9\">\n\t\t\t\t\t\t\t<img loading=\"lazy\" decoding=\"async\" width=\"640\" height=\"480\" src=\"https:\/\/isler.com.hr\/wp-content\/uploads\/2024\/05\/Tacna-11-2-1-1024x768.png\" class=\"attachment-large size-large wp-image-198\" alt=\"\" srcset=\"https:\/\/isler.com.hr\/wp-content\/uploads\/2024\/05\/Tacna-11-2-1-1024x768.png 1024w, https:\/\/isler.com.hr\/wp-content\/uploads\/2024\/05\/Tacna-11-2-1-300x225.png 300w, https:\/\/isler.com.hr\/wp-content\/uploads\/2024\/05\/Tacna-11-2-1-768x576.png 768w, https:\/\/isler.com.hr\/wp-content\/uploads\/2024\/05\/Tacna-11-2-1-1536x1152.png 1536w, https:\/\/isler.com.hr\/wp-content\/uploads\/2024\/05\/Tacna-11-2-1.png 1600w\" sizes=\"(max-width: 640px) 100vw, 640px\" \/>\t\t\t\t\t\t\t\t<\/a>\n\t\t\t\t\t\t\t\t\t\t\t\t\t<\/div>\n\t\t\t\t<\/div>\n\t\t\t\t\t<\/div>\n\t\t\t\t<\/div>\n\t\t\t\t<\/div>\n\t\t","protected":false},"excerpt":{"rendered":"<p>\u010cokoladni desert \u010cokolada-naran\u010da \u010cokoladna rapsodija Stranica-1 Stranica-1<\/p>\n","protected":false},"author":1,"featured_media":0,"parent":0,"menu_order":0,"comment_status":"closed","ping_status":"closed","template":"","meta":{"footnotes":""},"class_list":["post-79","page","type-page","status-publish","hentry"],"_links":{"self":[{"href":"https:\/\/isler.com.hr\/index.php?rest_route=\/wp\/v2\/pages\/79","targetHints":{"allow":["GET"]}}],"collection":[{"href":"https:\/\/isler.com.hr\/index.php?rest_route=\/wp\/v2\/pages"}],"about":[{"href":"https:\/\/isler.com.hr\/index.php?rest_route=\/wp\/v2\/types\/page"}],"author":[{"embeddable":true,"href":"https:\/\/isler.com.hr\/index.php?rest_route=\/wp\/v2\/users\/1"}],"replies":[{"embeddable":true,"href":"https:\/\/isler.com.hr\/index.php?rest_route=%2Fwp%2Fv2%2Fcomments&post=79"}],"version-history":[{"count":36,"href":"https:\/\/isler.com.hr\/index.php?rest_route=\/wp\/v2\/pages\/79\/revisions"}],"predecessor-version":[{"id":202,"href":"https:\/\/isler.com.hr\/index.php?rest_route=\/wp\/v2\/pages\/79\/revisions\/202"}],"wp:attachment":[{"href":"https:\/\/isler.com.hr\/index.php?rest_route=%2Fwp%2Fv2%2Fmedia&parent=79"}],"curies":[{"name":"wp","href":"https:\/\/api.w.org\/{rel}","templated":true}]}}